{"id":114,"date":"2023-07-17T11:52:11","date_gmt":"2023-07-17T09:52:11","guid":{"rendered":"https:\/\/grundschule-warmbronn.de\/?page_id=114"},"modified":"2023-10-03T22:02:57","modified_gmt":"2023-10-03T20:02:57","slug":"foerderverein-der-grundschule-warmbronn","status":"publish","type":"page","link":"https:\/\/grundschule-warmbronn.de\/?page_id=114","title":{"rendered":"F\u00f6rderverein der Grundschule Warmbronn"},"content":{"rendered":"\t\t<div data-elementor-type=\"wp-page\" data-elementor-id=\"114\" class=\"elementor elementor-114\">\n\t\t\t\t<div class=\"elementor-element elementor-element-b0f1df4 e-flex e-con-boxed e-con e-parent\" data-id=\"b0f1df4\" data-element_type=\"container\" data-e-type=\"container\">\n\t\t\t\t\t<div class=\"e-con-inner\">\n\t\t<div class=\"elementor-element elementor-element-ef1ffd2 e-con-full e-flex e-con e-child\" data-id=\"ef1ffd2\" data-element_type=\"container\" data-e-type=\"container\">\n\t\t\t\t<div class=\"elementor-element elementor-element-99a8ad1 elementor-widget__width-initial elementor-widget elementor-widget-text-editor\" data-id=\"99a8ad1\" data-element_type=\"widget\" data-e-type=\"widget\" data-widget_type=\"text-editor.default\">\n\t\t\t\t<div class=\"elementor-widget-container\">\n\t\t\t\t\t\t\t\t\t<p><\/p>\n<p><img decoding=\"async\" class=\"wp-image-737 alignleft\" src=\"https:\/\/grundschule-warmbronn.de\/wp-content\/uploads\/2023\/10\/Logo_FoeVe_GS_WB_150px.jpg\" alt=\"Illustration Baum mit H\u00e4nden - Logo des F\u00f6rdervereins Warmbronn\" width=\"163\" height=\"153\" \/>Schule heute ist weit mehr als F\u00e4cher und Unterricht. Neue Aufgabenbereiche kamen und kommen auf die Schule zu. Unter Ber\u00fccksichtigung vorhandener Ressourcen k\u00f6nnen viele dieser neuen Aufgaben deshalb nur in enger Zusammenarbeit von Elternhaus und Schule gel\u00f6st werden.<\/p>\n<p>\u00a0<\/p>\n<p><\/p>\n<p>Auf diesem Hintergrund konnten im Juli 2007 elf Gr\u00fcndungsmitglieder den F\u00f6rderverein der Grundschule Warmbronn e.V. ins Leben rufen.<\/p>\n<p><\/p>\n<p>Das \u00fcbergeordnete Ziel des Vereins ist es, die Grundschule Warmbronn in all ihren Aufgaben um und f\u00fcr ihre Sch\u00fcler zu unterst\u00fctzen. Dazu geh\u00f6ren u.a.:<\/p>\n<p><img fetchpriority=\"high\" decoding=\"async\" class=\" wp-image-739 alignright\" src=\"https:\/\/grundschule-warmbronn.de\/wp-content\/uploads\/2023\/10\/fotos_foe_ve_lrg-1-145x300.jpg\" alt=\"Verschiedene Fotos von Projekten des F\u00f6rdervereins\" width=\"213\" height=\"441\" srcset=\"https:\/\/grundschule-warmbronn.de\/wp-content\/uploads\/2023\/10\/fotos_foe_ve_lrg-1-145x300.jpg 145w, https:\/\/grundschule-warmbronn.de\/wp-content\/uploads\/2023\/10\/fotos_foe_ve_lrg-1-494x1024.jpg 494w, https:\/\/grundschule-warmbronn.de\/wp-content\/uploads\/2023\/10\/fotos_foe_ve_lrg-1.jpg 705w\" sizes=\"(max-width: 213px) 100vw, 213px\" \/><\/p>\n<p><\/p>\n<ul class=\"wp-block-list\">\n<li style=\"list-style-type: none;\">\n<ul><\/ul>\n<\/li>\n<\/ul>\n<ul>\n<li style=\"list-style-type: none;\">\n<ul>\n<li>Projekte zur Pausenhofgestaltung<\/li>\n<\/ul>\n<\/li>\n<\/ul>\n<p><\/p>\n<ul>\n<li style=\"list-style-type: none;\">\n<ul>\n<li>Die Mitfinanzierung und Tr\u00e4gerschaft einer FSJ-Kraft<\/li>\n<\/ul>\n<\/li>\n<\/ul>\n<p><\/p>\n<ul>\n<li style=\"list-style-type: none;\">\n<ul>\n<li>Organisation und Durchf\u00fchrung von Info-Veranstaltungen<\/li>\n<\/ul>\n<\/li>\n<\/ul>\n<p><\/p>\n<ul>\n<li style=\"list-style-type: none;\">\n<ul>\n<li>Organisation und Mitfinanzierung von Gewaltpr\u00e4ventionstagen<\/li>\n<\/ul>\n<\/li>\n<\/ul>\n<p><\/p>\n<ul>\n<li style=\"list-style-type: none;\">\n<ul>\n<li>Unterst\u00fctzung von Arbeitsgemeinschaften<\/li>\n<\/ul>\n<\/li>\n<\/ul>\n<p><\/p>\n<ul>\n<li style=\"list-style-type: none;\">\n<ul>\n<li>Kontakte zu Sponsoren und Stiftungen<\/li>\n<\/ul>\n<\/li>\n<\/ul>\n<p><\/p>\n<p><\/p>\n<p>Um all diese und weitere Aufgaben verwirklichen zu k\u00f6nnen, braucht ein Verein engagierte und kreative Mitglieder.<\/p>\n<p><\/p>\n<p>M\u00f6chten auch Sie uns unterst\u00fctzen, so treten Sie dem Verein bei.\u00a0<\/p>\n<p><\/p>\n<p>Die Beitrittserkl\u00e4rung (Flyer des F\u00f6rdervereins) k\u00f6nnen Sie als Pdf-Dokument herunterladen und ausdrucken (s. unten).<\/p>\n<p><\/p>\n<p>Wir freuen uns auch \u00fcber Spenden:<\/p>\n<p><\/p>\n<p><strong>F\u00f6rderverein Grundschule Warmbronn e.V.<br \/><\/strong><strong>Kreissparkasse B\u00f6blingen<br \/>IBAN: DE48 6035 0130 0000 9925 65<br \/>BIC: BBKRDE6BXXX<\/strong><\/p>\n<p><\/p>\n<p><\/p>\n<p><\/p>\n<p>Gerne stehen wir Ihnen zu weiteren Ausk\u00fcnften bereit. Sie erreichen uns jederzeit problemlos unter folgender e-mail-Adresse:<\/p>\n<p><\/p>\n<p>E-Mail:<a href=\"mailto:foerderverein@grundschule-warmbronn.de?subject=Kontaktaufnahme%20via%20GSWB-Website\"> foerderverein@grundschule-warmbronn.de<\/a><\/p>\n<p>\u00a0<\/p>\n<p><a href=\"https:\/\/grundschule-warmbronn.de\/wp-content\/uploads\/2023\/07\/flyer_komplett.pdf\"><img decoding=\"async\" class=\"wp-image-297 size-full alignleft\" src=\"https:\/\/grundschule-warmbronn.de\/wp-content\/uploads\/2023\/07\/weitere_informationen_foerderverein-1.png\" alt=\"\" width=\"242\" height=\"179\" \/><\/a><\/p>\n<p><a href=\"https:\/\/grundschule-warmbronn.de\/wp-content\/uploads\/2023\/07\/Beitrittserklaerung_foerderverein.pdf\"><img loading=\"lazy\" decoding=\"async\" class=\"alignnone size-full wp-image-326\" src=\"https:\/\/grundschule-warmbronn.de\/wp-content\/uploads\/2023\/07\/beitrittserkl_foev-1.png\" alt=\"\" width=\"235\" height=\"172\" \/><\/a><a href=\"https:\/\/grundschule-warmbronn.de\/wp-content\/uploads\/2023\/07\/Satzung_FOEV.pdf\"><img loading=\"lazy\" decoding=\"async\" class=\"size-full wp-image-298 aligncenter\" src=\"https:\/\/grundschule-warmbronn.de\/wp-content\/uploads\/2023\/07\/satzung_foev.png\" alt=\"\" width=\"235\" height=\"172\" \/><\/a><\/p>\n<p><\/p>\t\t\t\t\t\t\t\t<\/div>\n\t\t\t\t<\/div>\n\t\t\t\t<\/div>\n\t\t\t\t\t<\/div>\n\t\t\t\t<\/div>\n\t\t\t\t<\/div>\n\t\t","protected":false},"excerpt":{"rendered":"<p>Schule heute ist weit mehr als F\u00e4cher und Unterricht. Neue Aufgabenbereiche kamen und kommen auf die Schule zu. Unter Ber\u00fccksichtigung vorhandener Ressourcen k\u00f6nnen viele dieser neuen Aufgaben deshalb nur in &hellip; <a href=\"https:\/\/grundschule-warmbronn.de\/?page_id=114\" class=\"more-link\"><span class=\"screen-reader-text\">F\u00f6rderverein der Grundschule Warmbronn<\/span> weiterlesen<\/a><\/p>\n","protected":false},"author":3,"featured_media":0,"parent":0,"menu_order":0,"comment_status":"closed","ping_status":"closed","template":"","meta":{"footnotes":""},"class_list":["post-114","page","type-page","status-publish","hentry"],"_links":{"self":[{"href":"https:\/\/grundschule-warmbronn.de\/index.php?rest_route=\/wp\/v2\/pages\/114","targetHints":{"allow":["GET"]}}],"collection":[{"href":"https:\/\/grundschule-warmbronn.de\/index.php?rest_route=\/wp\/v2\/pages"}],"about":[{"href":"https:\/\/grundschule-warmbronn.de\/index.php?rest_route=\/wp\/v2\/types\/page"}],"author":[{"embeddable":true,"href":"https:\/\/grundschule-warmbronn.de\/index.php?rest_route=\/wp\/v2\/users\/3"}],"replies":[{"embeddable":true,"href":"https:\/\/grundschule-warmbronn.de\/index.php?rest_route=%2Fwp%2Fv2%2Fcomments&post=114"}],"version-history":[{"count":39,"href":"https:\/\/grundschule-warmbronn.de\/index.php?rest_route=\/wp\/v2\/pages\/114\/revisions"}],"predecessor-version":[{"id":742,"href":"https:\/\/grundschule-warmbronn.de\/index.php?rest_route=\/wp\/v2\/pages\/114\/revisions\/742"}],"wp:attachment":[{"href":"https:\/\/grundschule-warmbronn.de\/index.php?rest_route=%2Fwp%2Fv2%2Fmedia&parent=114"}],"curies":[{"name":"wp","href":"https:\/\/api.w.org\/{rel}","templated":true}]}}