{"id":161,"date":"2023-07-17T12:13:49","date_gmt":"2023-07-17T10:13:49","guid":{"rendered":"https:\/\/grundschule-warmbronn.de\/?page_id=161"},"modified":"2023-07-24T21:16:26","modified_gmt":"2023-07-24T19:16:26","slug":"datenschutzerklaerung","status":"publish","type":"page","link":"https:\/\/grundschule-warmbronn.de\/?page_id=161","title":{"rendered":"Datenschutzerkl\u00e4rung"},"content":{"rendered":"\t\t<div data-elementor-type=\"wp-page\" data-elementor-id=\"161\" class=\"elementor elementor-161\">\n\t\t\t\t<div class=\"elementor-element elementor-element-f5565e4 e-flex e-con-boxed e-con e-parent\" data-id=\"f5565e4\" data-element_type=\"container\" data-e-type=\"container\">\n\t\t\t\t\t<div class=\"e-con-inner\">\n\t\t<div class=\"elementor-element elementor-element-163f6cb e-con-full e-flex e-con e-child\" data-id=\"163f6cb\" data-element_type=\"container\" data-e-type=\"container\">\n\t\t\t\t<div class=\"elementor-element elementor-element-05588ed elementor-widget__width-initial elementor-drop-cap-yes elementor-drop-cap-view-default elementor-widget elementor-widget-text-editor\" data-id=\"05588ed\" data-element_type=\"widget\" data-e-type=\"widget\" data-settings=\"{&quot;drop_cap&quot;:&quot;yes&quot;}\" data-widget_type=\"text-editor.default\">\n\t\t\t\t<div class=\"elementor-widget-container\">\n\t\t\t\t\t\t\t\t\t<p><\/p>\n<p><\/p>\n<p><strong>1. Verantwortlicher und Datenschutzbeauftragter<\/strong><br \/>1.1 Verantwortlicher gem. Art. 4 Abs. 7 EU-Datenschutz-Grundverordnung (EU-DSGVO) ist<\/p>\n<p><strong>Monika Wenger (Schulleiterin)<br \/>Grundschule Warmbronn<br \/>B\u00fcsnauer Stra\u00dfe 85<br \/>71229 Leonberg<br \/>e-mail: kontakt@grundschule-warmbronn.de<\/strong><\/p>\n<p>1.2 Unseren Datenschutzbeauftragten erreichen Sie unter der email-Adresse:<br \/>e-mail: datenschutz@grundschule-warmbronn.de<\/p>\n<p><strong>2. Information \u00fcber die Erhebung personenbezogener Daten, Speicherdauer<\/strong><\/p>\n<p>2.1 Im Folgenden informieren wir \u00fcber die Erhebung personenbezogener Daten bei Nutzung unserer Website. Personenbezogene Daten sind alle Daten, die auf Sie pers\u00f6nlich beziehbar sind, z. B. Name, Adresse, E-Mail-Adressen, Nutzerverhalten.<\/p>\n<p>2.2 Bei Ihrer Kontaktaufnahme mit uns per E-Mail oder \u00fcber ein Kontaktformular werden die von Ihnen mitgeteilten Daten (Ihre E-Mail-Adresse, ggf. Ihr Name und Ihre Telefonnummer) von uns gespeichert, um Ihre Fragen zu beantworten. Die in diesem Zusammenhang<br \/>anfallenden Daten l\u00f6schen wir, nach-dem die Speicherung nicht mehr erforderlich ist, oder schr\u00e4nken die Verarbeitung ein, falls gesetzliche Aufbewahrungspflichten bestehen.<\/p>\n<p>2.3 Falls wir f\u00fcr einzelne Funktionen unseres Angebots auf beauftragte Dienstleister zur\u00fcckgreifen oder Ihre Daten f\u00fcr werbliche Zwecke nutzen m\u00f6chten, werden wir Sie untenstehend im Detail \u00fcber die jeweiligen Vorg\u00e4nge informieren. Dabei nennen wir auch die<br \/>festgelegten Kriterien der Speicherdauer.<\/p>\n<p><strong>3. Ihre Rechte<\/strong><br \/>3.1 Sie haben gegen\u00fcber uns folgende Rechte hinsichtlich der Sie betreffenden personenbezogenen Daten:<\/p>\n<p>&#8211; Recht auf Auskunft,<br \/>&#8211; Recht auf Berichtigung oder L\u00f6schung,<br \/>&#8211; Recht auf Einschr\u00e4nkung der Verarbeitung,<br \/>&#8211; Recht auf Widerspruch gegen die Verarbeitung,<br \/>&#8211; Recht auf Daten\u00fcbertragbarkeit.<\/p>\n<p>3.2 Sie haben zudem das Recht, sich bei einer Datenschutz-Aufsichtsbeh\u00f6rde \u00fcber die Verarbeitung Ihrer personenbezogenen Daten durch uns zu beschweren. Die Datenschutzaufsichtsbeh\u00f6rde ist der<\/p>\n<p><strong>Landesbeauftragte f\u00fcr den Datenschutz und die Informationsfreiheit<\/strong><br \/><strong>Baden-W\u00fcrttemberg (LfDI),<\/strong><br \/><strong>K\u00f6nigstrasse 10a,<\/strong><br \/><strong>70173 Stuttgart.<\/strong><\/p>\n<p>3.3 Werden personenbezogene Daten an ein Drittland oder an eine internationale Organisation \u00fcbermittelt, so haben Sie das Recht, \u00fcber die geeigneten Garantien gem\u00e4\u00df Art. 46 EU-DSGVO im Zusammenhang mit der \u00dcbermittlung unterrichtet zu werden.<\/p>\n<p><strong>4. Erhebung und Zweck personenbezogener Daten bei Besuch unserer Website<\/strong><\/p>\n<p>4.1 Bei der blo\u00df informatorischen Nutzung der Website, also wenn Sie sich nicht registrieren oder uns anderweitig Informationen \u00fcbermitteln, erheben wir nur die personenbezogenen Daten, die Ihr Browser an unseren Server \u00fcbermittelt. Wenn Sie unsere Website betrachten m\u00f6chten, erheben wir die folgenden Daten, die f\u00fcr uns technisch erforderlich sind, um Ihnen unsere Website anzuzeigen und die Stabilit\u00e4t und Sicherheit zu gew\u00e4hrleisten<br \/>(Rechtsgrundlage ist Art. 6 Abs. 1 S. 1 lit. f EU-DSGVO):<\/p>\n<p>&#8211; <em>IP-Adresse<\/em><br \/><em>&#8211; Datum und Uhrzeit der Anfrage<\/em><br \/><em>&#8211; Zeitzonendifferenz zur Greenwich Mean Time (GMT)<\/em><br \/><em>&#8211; Inhalt der Anforderung (konkrete Seite)<\/em><br \/><em>&#8211; Zugriffsstatus\/HTTP-Statuscode<\/em><br \/><em>&#8211; jeweils \u00fcbertragene Datenmenge<\/em><br \/><em>&#8211; Website, von der die Anforderung kommt<\/em><br \/><em>&#8211; Browser<\/em><br \/><em>&#8211; Betriebssystem und dessen Oberfl\u00e4che<\/em><br \/><em>&#8211; Sprache und Version der Browsersoftware.<\/em><\/p>\n<p>4.2 Zus\u00e4tzlich zu den zuvor genannten Daten werden bei Ihrer Nutzung unserer Website Cookies auf Ihrem Rechner gespeichert. Bei Cookies handelt es sich um kleine Textdateien, die auf Ihrer Festplatte dem von Ihnen verwendeten Browser zugeordnet gespeichert werden und durch welche der Stelle, die das Cookie setzt (hier durch uns), bestimmte Informationen zuflie\u00dfen. Cookies k\u00f6nnen keine Pro-gramme ausf\u00fchren oder Viren auf Ihren Computer \u00fcbertragen. Sie dienen dazu, das Internetangebot insgesamt nutzerfreundlicher und<br \/>effektiver zu machen.<\/p>\n<p>4.3 Einsatz von Cookies:<br \/>Diese Website nutzt keine Cookies.<\/p>\n<p><\/p>\n<p><!-- \/wp:list --><\/p>\t\t\t\t\t\t\t\t<\/div>\n\t\t\t\t<\/div>\n\t\t\t\t<\/div>\n\t\t\t\t\t<\/div>\n\t\t\t\t<\/div>\n\t\t\t\t<\/div>\n\t\t","protected":false},"excerpt":{"rendered":"","protected":false},"author":3,"featured_media":0,"parent":149,"menu_order":0,"comment_status":"closed","ping_status":"closed","template":"elementor_theme","meta":{"footnotes":""},"class_list":["post-161","page","type-page","status-publish","hentry"],"_links":{"self":[{"href":"https:\/\/grundschule-warmbronn.de\/index.php?rest_route=\/wp\/v2\/pages\/161","targetHints":{"allow":["GET"]}}],"collection":[{"href":"https:\/\/grundschule-warmbronn.de\/index.php?rest_route=\/wp\/v2\/pages"}],"about":[{"href":"https:\/\/grundschule-warmbronn.de\/index.php?rest_route=\/wp\/v2\/types\/page"}],"author":[{"embeddable":true,"href":"https:\/\/grundschule-warmbronn.de\/index.php?rest_route=\/wp\/v2\/users\/3"}],"replies":[{"embeddable":true,"href":"https:\/\/grundschule-warmbronn.de\/index.php?rest_route=%2Fwp%2Fv2%2Fcomments&post=161"}],"version-history":[{"count":35,"href":"https:\/\/grundschule-warmbronn.de\/index.php?rest_route=\/wp\/v2\/pages\/161\/revisions"}],"predecessor-version":[{"id":480,"href":"https:\/\/grundschule-warmbronn.de\/index.php?rest_route=\/wp\/v2\/pages\/161\/revisions\/480"}],"up":[{"embeddable":true,"href":"https:\/\/grundschule-warmbronn.de\/index.php?rest_route=\/wp\/v2\/pages\/149"}],"wp:attachment":[{"href":"https:\/\/grundschule-warmbronn.de\/index.php?rest_route=%2Fwp%2Fv2%2Fmedia&parent=161"}],"curies":[{"name":"wp","href":"https:\/\/api.w.org\/{rel}","templated":true}]}}