{"id":25,"date":"2023-04-12T12:49:45","date_gmt":"2023-04-12T10:49:45","guid":{"rendered":"https:\/\/grundschule-warmbronn.de\/?page_id=25"},"modified":"2026-02-15T17:00:20","modified_gmt":"2026-02-15T16:00:20","slug":"ueber-uns","status":"publish","type":"page","link":"https:\/\/grundschule-warmbronn.de\/?page_id=25","title":{"rendered":"Schule"},"content":{"rendered":"\t\t<div data-elementor-type=\"wp-page\" data-elementor-id=\"25\" class=\"elementor elementor-25\">\n\t\t\t\t\t\t<section class=\"elementor-section elementor-top-section elementor-element elementor-element-50e8d0f9 elementor-section-boxed elementor-section-height-default elementor-section-height-default\" data-id=\"50e8d0f9\" data-element_type=\"section\" data-e-type=\"section\">\n\t\t\t\t\t\t<div class=\"elementor-container elementor-column-gap-default\">\n\t\t\t\t\t<div class=\"elementor-column elementor-col-100 elementor-top-column elementor-element elementor-element-5b8a725c\" data-id=\"5b8a725c\" data-element_type=\"column\" data-e-type=\"column\">\n\t\t\t<div class=\"elementor-widget-wrap elementor-element-populated\">\n\t\t\t\t\t\t<div class=\"elementor-element elementor-element-f9c09a2 elementor-widget elementor-widget-text-editor\" data-id=\"f9c09a2\" data-element_type=\"widget\" data-e-type=\"widget\" data-widget_type=\"text-editor.default\">\n\t\t\t\t<div class=\"elementor-widget-container\">\n\t\t\t\t\t\t\t\t\t<h2 style=\"text-align: left;\"><em><strong><span style=\"color: #99cc00;\">Die Grundschule Warmbronn stellt sich vor<\/span><\/strong><\/em><\/h2>\n<p><\/p>\n<p><span style=\"color: #000000;\"><\/span><\/p>\n<p><span style=\"color: #000000;\">Die Gemeinde Warmbronn geh\u00f6rt als Teilort zur Gro\u00dfen Kreisstadt Leonberg.<\/span><\/p>\n<p><span style=\"color: #000000;\"><\/span><\/p>\n<p><span style=\"color: #000000;\">Die heutige Grundschule Warmbronn wurde 1962 eingeweiht und 1987 erweitert. Sie liegt am Ortsrand Richtung Stuttgart umgeben von Wald. In direkter Nachbarschaft zur Schule befinden sich das Jugendhaus Warmbronn, das Sportheim mit Gastst\u00e4tte, die Staigwaldhalle, die als Sporthalle genutzt wird, der Sportplatz, ein Kunstrasenplatz, Tennispl\u00e4tze und Hallentennispl\u00e4tze.<\/span><\/p>\n<p><span style=\"color: #000000;\"><\/span><\/p>\n<div class=\"wp-block-columns are-vertically-aligned-center is-layout-flex wp-container-core-columns-is-layout-9d6595d7 wp-block-columns-is-layout-flex\">\n<p><span style=\"color: #000000;\"><\/span><\/p>\n<div class=\"wp-block-column is-vertically-aligned-center is-layout-flow wp-block-column-is-layout-flow\" style=\"flex-basis: 60%;\">\n<p><span style=\"color: #000000;\"><\/span><\/p>\n<p><span style=\"color: #000000;\">Im Schuljahr 2025\/26 besuchen 167 Sch\u00fclerinnen und Sch\u00fcler die Grundschule Warmbronn. Es sind 79 M\u00e4dchen und 88 Jungen. Die Schule ist durchg\u00e4ngig zweiz\u00fcgig.<\/span><\/p>\n<p><span style=\"color: #000000;\"><\/span><\/p>\n<\/div>\n<p><span style=\"color: #000000;\"><\/span><\/p>\n<div class=\"wp-block-column is-layout-flow wp-block-column-is-layout-flow\" style=\"flex-basis: 30%;\">\n<p><span style=\"color: #000000;\"><\/span><\/p>\n<figure class=\"wp-block-image size-full is-resized is-style-default\"><span style=\"color: #000000;\"><img fetchpriority=\"high\" decoding=\"async\" class=\"wp-image-11\" src=\"https:\/\/grundschule-warmbronn.de\/wp-content\/uploads\/2023\/01\/handprints_WITH_text_copy_ohne_fill_shadow.png\" alt=\"H\u00e4nde um einen zentralen Text der das Leitbild beschreibt.\" width=\"277\" height=\"189\" \/><\/span><\/figure>\n<p><span style=\"color: #000000;\"><\/span><\/p>\n<\/div>\n<p><span style=\"color: #000000;\"><\/span><\/p>\n<\/div>\n<p><span style=\"color: #000000;\"><\/span><\/p>\n<p><span style=\"color: #000000;\">Vor und nach dem Unterricht besteht im Rahmen der \u201eVerl\u00e4sslichen Grundschule\u201c die M\u00f6glichkeit der Sch\u00fclerbetreuung f\u00fcr Sch\u00fclerinnen und Sch\u00fcler aller Klassenstufen in der Kernzeit.<\/span><\/p>\n<p><span style=\"color: #000000;\"><\/span><\/p>\n<p><span style=\"color: #000000;\">Neben der Kernzeitbetreuung im Rahmen der verl\u00e4sslichen Grundschule wird unseren Sch\u00fclerinnen und Sch\u00fclern durch die Stadt Leonberg eine flexible Nachmittagsbetreuung angeboten.<\/span><\/p>\n<p><span style=\"color: #000000;\"><\/span><\/p>\n<figure class=\"wp-block-image size-large\">\n<p><img decoding=\"async\" class=\"wp-image-121 size-large aligncenter\" src=\"https:\/\/grundschule-warmbronn.de\/wp-content\/uploads\/2023\/04\/train_small_6wagons200pix-1024x137.png\" alt=\"Ein gebastelter Zug mit mit sechs Wagons, in denen das Leitbild der Schule steht.\" width=\"660\" height=\"88\" srcset=\"https:\/\/grundschule-warmbronn.de\/wp-content\/uploads\/2023\/04\/train_small_6wagons200pix-1024x137.png 1024w, https:\/\/grundschule-warmbronn.de\/wp-content\/uploads\/2023\/04\/train_small_6wagons200pix-300x40.png 300w, https:\/\/grundschule-warmbronn.de\/wp-content\/uploads\/2023\/04\/train_small_6wagons200pix-768x102.png 768w, https:\/\/grundschule-warmbronn.de\/wp-content\/uploads\/2023\/04\/train_small_6wagons200pix-1536x205.png 1536w, https:\/\/grundschule-warmbronn.de\/wp-content\/uploads\/2023\/04\/train_small_6wagons200pix.png 1732w\" sizes=\"(max-width: 660px) 100vw, 660px\" \/><\/p>\n<\/figure>\n<p><span style=\"color: #000000;\">An vi<\/span><span style=\"color: #000000;\">er Nachmittagen (montags bis donnerstags) wird eine Sprach- und Hausaufgabenbetreuung angeboten.<\/span><\/p>\n<p><span style=\"color: #000000;\"><\/p>\n<p>\u00a0<\/p>\t\t\t\t\t\t\t\t<\/div>\n\t\t\t\t<\/div>\n\t\t\t\t\t<\/div>\n\t\t<\/div>\n\t\t\t\t\t<\/div>\n\t\t<\/section>\n\t\t\t\t<\/div>\n\t\t","protected":false},"excerpt":{"rendered":"<p>Die Grundschule Warmbronn stellt sich vor Die Gemeinde Warmbronn geh\u00f6rt als Teilort zur Gro\u00dfen Kreisstadt Leonberg. Die heutige Grundschule Warmbronn wurde 1962 eingeweiht und 1987 erweitert. Sie liegt am Ortsrand &hellip; <a href=\"https:\/\/grundschule-warmbronn.de\/?page_id=25\" class=\"more-link\"><span class=\"screen-reader-text\">Schule<\/span> weiterlesen<\/a><\/p>\n","protected":false},"author":3,"featured_media":23,"parent":0,"menu_order":1,"comment_status":"closed","ping_status":"closed","template":"","meta":{"footnotes":""},"class_list":["post-25","page","type-page","status-publish","has-post-thumbnail","hentry"],"_links":{"self":[{"href":"https:\/\/grundschule-warmbronn.de\/index.php?rest_route=\/wp\/v2\/pages\/25","targetHints":{"allow":["GET"]}}],"collection":[{"href":"https:\/\/grundschule-warmbronn.de\/index.php?rest_route=\/wp\/v2\/pages"}],"about":[{"href":"https:\/\/grundschule-warmbronn.de\/index.php?rest_route=\/wp\/v2\/types\/page"}],"author":[{"embeddable":true,"href":"https:\/\/grundschule-warmbronn.de\/index.php?rest_route=\/wp\/v2\/users\/3"}],"replies":[{"embeddable":true,"href":"https:\/\/grundschule-warmbronn.de\/index.php?rest_route=%2Fwp%2Fv2%2Fcomments&post=25"}],"version-history":[{"count":27,"href":"https:\/\/grundschule-warmbronn.de\/index.php?rest_route=\/wp\/v2\/pages\/25\/revisions"}],"predecessor-version":[{"id":1124,"href":"https:\/\/grundschule-warmbronn.de\/index.php?rest_route=\/wp\/v2\/pages\/25\/revisions\/1124"}],"wp:featuredmedia":[{"embeddable":true,"href":"https:\/\/grundschule-warmbronn.de\/index.php?rest_route=\/wp\/v2\/media\/23"}],"wp:attachment":[{"href":"https:\/\/grundschule-warmbronn.de\/index.php?rest_route=%2Fwp%2Fv2%2Fmedia&parent=25"}],"curies":[{"name":"wp","href":"https:\/\/api.w.org\/{rel}","templated":true}]}}