{"id":74,"date":"2023-04-12T14:31:53","date_gmt":"2023-04-12T12:31:53","guid":{"rendered":"https:\/\/grundschule-warmbronn.de\/?page_id=74"},"modified":"2023-04-12T14:31:53","modified_gmt":"2023-04-12T12:31:53","slug":"sprechstunden-unserer-lehrkraefte","status":"publish","type":"page","link":"https:\/\/grundschule-warmbronn.de\/?page_id=74","title":{"rendered":"Sprechstunden unserer Lehrkr\u00e4fte"},"content":{"rendered":"<div class=\"wp-block-image\">\n<figure class=\"aligncenter\"><img decoding=\"async\" src=\"https:\/\/grundschule-warmbronn.de\/embellishments\/schule_allg\/eltern_lehrer_schueler_soft_lrg.png?etag=W%2F%22cce6-580deb07%22&amp;sourceContentType=image%2Fpng&amp;ignoreAspectRatio&amp;resize=200%2B198&amp;extract=0%2B0%2B199%2B198\" alt=\"\"\/><\/figure>\n<\/div>\n\n\n<p>Der regelm\u00e4\u00dfige Austausch und die vertrauensvolle Zusammenarbeit zwischen Schule und Elternhaus sind wichtige Bausteine f\u00fcr die erfolgreiche schulische Arbeit eines Kindes. Nehmen Sie deshalb die M\u00f6glichkeit des pers\u00f6nlichen Kontaktes zwischen den Lehrern Ihres Kindes und Ihnen als Erziehungsberechtigten wahr.<\/p>\n\n\n\n<p>Grunds\u00e4tzlich k\u00f6nnen alle Sprechstunden und Gespr\u00e4chstermine nur nach vorheriger Terminvereinbarung in Anspruch genommen werden. Bitte setzen Sie sich deshalb rechtzeitig mit der betreffenden Lehrkraft in Verbindung. Dies kann entweder in direkter Kontaktaufnahme oder \u00fcber das <strong>Schulsekretariat<\/strong> erfolgen.<\/p>\n","protected":false},"excerpt":{"rendered":"<p>Der regelm\u00e4\u00dfige Austausch und die vertrauensvolle Zusammenarbeit zwischen Schule und Elternhaus sind wichtige Bausteine f\u00fcr die erfolgreiche schulische Arbeit eines Kindes. Nehmen Sie deshalb die M\u00f6glichkeit des pers\u00f6nlichen Kontaktes zwischen &hellip; <a href=\"https:\/\/grundschule-warmbronn.de\/?page_id=74\" class=\"more-link\"><span class=\"screen-reader-text\">Sprechstunden unserer Lehrkr\u00e4fte<\/span> weiterlesen<\/a><\/p>\n","protected":false},"author":3,"featured_media":0,"parent":0,"menu_order":0,"comment_status":"closed","ping_status":"closed","template":"","meta":{"footnotes":""},"class_list":["post-74","page","type-page","status-publish","hentry"],"_links":{"self":[{"href":"https:\/\/grundschule-warmbronn.de\/index.php?rest_route=\/wp\/v2\/pages\/74","targetHints":{"allow":["GET"]}}],"collection":[{"href":"https:\/\/grundschule-warmbronn.de\/index.php?rest_route=\/wp\/v2\/pages"}],"about":[{"href":"https:\/\/grundschule-warmbronn.de\/index.php?rest_route=\/wp\/v2\/types\/page"}],"author":[{"embeddable":true,"href":"https:\/\/grundschule-warmbronn.de\/index.php?rest_route=\/wp\/v2\/users\/3"}],"replies":[{"embeddable":true,"href":"https:\/\/grundschule-warmbronn.de\/index.php?rest_route=%2Fwp%2Fv2%2Fcomments&post=74"}],"version-history":[{"count":1,"href":"https:\/\/grundschule-warmbronn.de\/index.php?rest_route=\/wp\/v2\/pages\/74\/revisions"}],"predecessor-version":[{"id":75,"href":"https:\/\/grundschule-warmbronn.de\/index.php?rest_route=\/wp\/v2\/pages\/74\/revisions\/75"}],"wp:attachment":[{"href":"https:\/\/grundschule-warmbronn.de\/index.php?rest_route=%2Fwp%2Fv2%2Fmedia&parent=74"}],"curies":[{"name":"wp","href":"https:\/\/api.w.org\/{rel}","templated":true}]}}