{"id":79,"date":"2023-04-12T13:35:29","date_gmt":"2023-04-12T11:35:29","guid":{"rendered":"https:\/\/grundschule-warmbronn.de\/?page_id=79"},"modified":"2025-10-16T12:31:44","modified_gmt":"2025-10-16T10:31:44","slug":"informationen-fuer-eltern","status":"publish","type":"page","link":"https:\/\/grundschule-warmbronn.de\/?page_id=79","title":{"rendered":"Informationen f\u00fcr Eltern"},"content":{"rendered":"\t\t<div data-elementor-type=\"wp-page\" data-elementor-id=\"79\" class=\"elementor elementor-79\">\n\t\t\t\t\t\t<section class=\"elementor-section elementor-top-section elementor-element elementor-element-4b019c30 elementor-section-boxed elementor-section-height-default elementor-section-height-default\" data-id=\"4b019c30\" data-element_type=\"section\" data-e-type=\"section\">\n\t\t\t\t\t\t<div class=\"elementor-container elementor-column-gap-default\">\n\t\t\t\t\t<div class=\"elementor-column elementor-col-100 elementor-top-column elementor-element elementor-element-4ae5e74\" data-id=\"4ae5e74\" data-element_type=\"column\" data-e-type=\"column\">\n\t\t\t<div class=\"elementor-widget-wrap elementor-element-populated\">\n\t\t\t\t\t\t<div class=\"elementor-element elementor-element-3e9e9b33 elementor-widget__width-initial elementor-widget elementor-widget-text-editor\" data-id=\"3e9e9b33\" data-element_type=\"widget\" data-e-type=\"widget\" data-widget_type=\"text-editor.default\">\n\t\t\t\t<div class=\"elementor-widget-container\">\n\t\t\t\t\t\t\t\t\t<p><\/p>\n<h4 class=\"wp-block-image\" style=\"text-align: left;\"><span style=\"color: #0000ff;\"><strong>D<\/strong><i><b>er sichere Fu\u00dfweg zu unserer Schule<\/b><\/i><\/span><\/h4>\n<p><i><b><\/b><\/i><span style=\"color: #000000;\"><img decoding=\"async\" class=\"wp-image-735 alignright\" src=\"https:\/\/grundschule-warmbronn.de\/wp-content\/uploads\/2023\/10\/schulweg_combi_blue-231x300.jpg\" alt=\"Illustration Verkehrszeichen &quot;Schulweg&quot;\" width=\"159\" height=\"207\" srcset=\"https:\/\/grundschule-warmbronn.de\/wp-content\/uploads\/2023\/10\/schulweg_combi_blue-231x300.jpg 231w, https:\/\/grundschule-warmbronn.de\/wp-content\/uploads\/2023\/10\/schulweg_combi_blue.jpg 250w\" sizes=\"(max-width: 159px) 100vw, 159px\" \/><\/span><\/p>\n<p><\/p>\n<p><\/p>\n<p><span style=\"color: #000000;\">Hier finden Sie den <a style=\"color: #000000;\" href=\"http:\/\/leomaps.leonberg.de\/tbview\/index.php?LeoMaps=3kmlocqvc26ug0qoul1fncm680&amp;workspace=ab.poi&amp;language=de&amp;positionX=3499100&amp;positionY=5403000&amp;scale=7500\" target=\"_blank\" rel=\"noreferrer noopener\">Schulwegplan <\/a>, auf dem Sie sich die sicheren Fu\u00dfwege zu unserer Schule anzeigen lassen k\u00f6nnen.<\/span><\/p>\n<p><span style=\"color: #000000;\"><\/span><\/p>\n<p><span style=\"color: #000000;\"><strong>Hinweis<\/strong><strong>:<\/strong> Aktivieren Sie hierzu im Pop-Up-Men\u00fc unter &#8222;Legende&#8220; die<\/span><\/p>\n<p><span style=\"color: #000000;\"><\/span><\/p>\n<p><span style=\"color: #000000;\">Option &#8222;Empfohlene Schulwege&#8220; und <em>w\u00e4hlen<\/em> Sie im K\u00e4stchen<em><br \/>&#8222;Grundschule Warmbronn&#8220;<\/em>! <br \/><\/span><\/p>\n<p><span style=\"color: #000000;\">\u00a0<\/span><\/p>\n<p><span style=\"color: #000000;\"><\/span><\/p>\n<p><\/p>\n<p><\/p>\n<h4><span style=\"color: #ff9900;\"><strong><img decoding=\"async\" class=\"wp-image-743 alignleft\" src=\"https:\/\/grundschule-warmbronn.de\/wp-content\/uploads\/2023\/10\/cold-156666_1280-278x300.png\" alt=\"Illustration eines Smileys mit einem Taschentuch\" width=\"174\" height=\"188\" srcset=\"https:\/\/grundschule-warmbronn.de\/wp-content\/uploads\/2023\/10\/cold-156666_1280-278x300.png 278w, https:\/\/grundschule-warmbronn.de\/wp-content\/uploads\/2023\/10\/cold-156666_1280-948x1024.png 948w, https:\/\/grundschule-warmbronn.de\/wp-content\/uploads\/2023\/10\/cold-156666_1280-768x830.png 768w, https:\/\/grundschule-warmbronn.de\/wp-content\/uploads\/2023\/10\/cold-156666_1280.png 1185w\" sizes=\"(max-width: 174px) 100vw, 174px\" \/>Informationen zum Entschuldigungsverfahren<\/strong><\/span><\/h4>\n<p><span style=\"color: #000000;\"><\/span><\/p>\n<p><span style=\"color: #000000;\">Sollte Ihr Kind erkrankt sein und nicht am Unterricht teilnehmen k\u00f6nnen, finden Sie<a style=\"color: #000000;\" href=\"https:\/\/grundschule-warmbronn.de\/?page_id=81\" target=\"_blank\" rel=\"noreferrer noopener\"> hier die Informationen<\/a>, auf welche Weise Sie die Schulleitung bzw. die Lehrerin \u00fcber das Fernbleiben Ihres Kindes rechtzeitig informieren k\u00f6nnen! <br \/><\/span><\/p>\n<p>\u00a0<\/p>\n<h4><span style=\"color: #339966;\">Informationen zum \u00a734 Infektionsschutzgesetz\u00a0<\/span><\/h4>\n<p><a href=\"https:\/\/grundschule-warmbronn.de\/?page_id=1046\"><img fetchpriority=\"high\" decoding=\"async\" class=\"alignnone size-medium wp-image-1049\" src=\"https:\/\/grundschule-warmbronn.de\/wp-content\/uploads\/2025\/10\/people-5306374_640-300x212.png\" alt=\"\" width=\"300\" height=\"212\" srcset=\"https:\/\/grundschule-warmbronn.de\/wp-content\/uploads\/2025\/10\/people-5306374_640-300x212.png 300w, https:\/\/grundschule-warmbronn.de\/wp-content\/uploads\/2025\/10\/people-5306374_640.png 640w\" sizes=\"(max-width: 300px) 100vw, 300px\" \/><\/a><\/p>\n<p>\u00a0<\/p>\n<p><span style=\"color: #000000;\">\u00a0<\/span><\/p>\n<p><\/p>\n<p>\u00a0<\/p>\t\t\t\t\t\t\t\t<\/div>\n\t\t\t\t<\/div>\n\t\t\t\t\t<\/div>\n\t\t<\/div>\n\t\t\t\t\t<\/div>\n\t\t<\/section>\n\t\t<div class=\"elementor-element elementor-element-ef580aa e-grid e-con-full e-con e-parent\" data-id=\"ef580aa\" data-element_type=\"container\" data-e-type=\"container\">\n\t\t\t\t<\/div>\n\t\t\t\t<\/div>\n\t\t","protected":false},"excerpt":{"rendered":"<p>Hier finden Sie den Schulwegplan , auf dem Sie sich die sicheren Fu\u00dfwege zu unserer Schule anzeigen lassen k\u00f6nnen. Hinweis: Aktivieren Sie hierzu im Pop-Up-Men\u00fc unter &#8222;Legende&#8220; die Option &#8222;Empfohlene &hellip; <a href=\"https:\/\/grundschule-warmbronn.de\/?page_id=79\" class=\"more-link\"><span class=\"screen-reader-text\">Informationen f\u00fcr Eltern<\/span> weiterlesen<\/a><\/p>\n","protected":false},"author":3,"featured_media":0,"parent":22,"menu_order":0,"comment_status":"closed","ping_status":"closed","template":"","meta":{"footnotes":""},"class_list":["post-79","page","type-page","status-publish","hentry"],"_links":{"self":[{"href":"https:\/\/grundschule-warmbronn.de\/index.php?rest_route=\/wp\/v2\/pages\/79","targetHints":{"allow":["GET"]}}],"collection":[{"href":"https:\/\/grundschule-warmbronn.de\/index.php?rest_route=\/wp\/v2\/pages"}],"about":[{"href":"https:\/\/grundschule-warmbronn.de\/index.php?rest_route=\/wp\/v2\/types\/page"}],"author":[{"embeddable":true,"href":"https:\/\/grundschule-warmbronn.de\/index.php?rest_route=\/wp\/v2\/users\/3"}],"replies":[{"embeddable":true,"href":"https:\/\/grundschule-warmbronn.de\/index.php?rest_route=%2Fwp%2Fv2%2Fcomments&post=79"}],"version-history":[{"count":10,"href":"https:\/\/grundschule-warmbronn.de\/index.php?rest_route=\/wp\/v2\/pages\/79\/revisions"}],"predecessor-version":[{"id":1060,"href":"https:\/\/grundschule-warmbronn.de\/index.php?rest_route=\/wp\/v2\/pages\/79\/revisions\/1060"}],"up":[{"embeddable":true,"href":"https:\/\/grundschule-warmbronn.de\/index.php?rest_route=\/wp\/v2\/pages\/22"}],"wp:attachment":[{"href":"https:\/\/grundschule-warmbronn.de\/index.php?rest_route=%2Fwp%2Fv2%2Fmedia&parent=79"}],"curies":[{"name":"wp","href":"https:\/\/api.w.org\/{rel}","templated":true}]}}